{"id":1687,"date":"2023-06-20T11:20:32","date_gmt":"2023-06-20T11:20:32","guid":{"rendered":"https:\/\/romanistyka.wn.uw.edu.pl\/?page_id=1687"},"modified":"2026-04-09T12:40:11","modified_gmt":"2026-04-09T12:40:11","slug":"rekrutacja-informacje","status":"publish","type":"page","link":"https:\/\/romanistyka.wn.uw.edu.pl\/index.php\/rekrutacja-informacje\/","title":{"rendered":"Rekrutacja informacje"},"content":{"rendered":"\n<p class=\"has-x-large-font-size\" style=\"padding-top:var(--wp--preset--spacing--50);line-height:1.7\"><strong>Serdecznie zapraszamy na studia w Instytucie Romanistyki, Wydzia\u0142 Neofilologii UW!<\/strong><\/p>\n\n\n\n<p class=\"has-large-font-size\" style=\"line-height:1.7\">Poni\u017cej przedstawiamy informacje og\u00f3lne dotycz\u0105ce rekrutacji. Informacje szczeg\u00f3\u0142owe dost\u0119pne s\u0105 w zak\u0142adkach <a href=\"https:\/\/romanistyka.wn.uw.edu.pl\/index.php\/studia-i-stopnia\/\" data-type=\"page\" data-id=\"657\">Studia I stopnia<\/a> i <a href=\"https:\/\/romanistyka.wn.uw.edu.pl\/index.php\/studia-ii-stopnia\/\" data-type=\"page\" data-id=\"749\">Studia II stopnia<\/a>.<\/p>\n\n\n\n<p class=\"has-large-font-size\" style=\"line-height:1.7\">Zach\u0119camy r\u00f3wnie\u017c do zapoznania si\u0119 z folderami informacyjnymi o naszych studiach, kt\u00f3re znajduj\u0105 si\u0119 na dole strony oraz z najcz\u0119\u015bciej zadawanymi pytaniami, dost\u0119pnymi w zak\u0142adce <a href=\"https:\/\/romanistyka.wn.uw.edu.pl\/index.php\/czesto-zadawane-pytania-faq\/\" data-type=\"page\" data-id=\"4776\">Cz\u0119sto zadawane pytania (FAQ)<\/a> <span class=\"wp-rich-text-font-awesome-icon wp-font-awesome-icon\"><svg aria-hidden=\"true\" focusable=\"false\" data-prefix=\"fas\" data-icon=\"link\" class=\"svg-inline--fa fa-link \" role=\"img\" xmlns=\"http:\/\/www.w3.org\/2000\/svg\" viewBox=\"0 0 640 512\"><path fill=\"currentColor\" d=\"M579.8 267.7c56.5-56.5 56.5-148 0-204.5c-50-50-128.8-56.5-186.3-15.4l-1.6 1.1c-14.4 10.3-17.7 30.3-7.4 44.6s30.3 17.7 44.6 7.4l1.6-1.1c32.1-22.9 76-19.3 103.8 8.6c31.5 31.5 31.5 82.5 0 114L422.3 334.8c-31.5 31.5-82.5 31.5-114 0c-27.9-27.9-31.5-71.8-8.6-103.8l1.1-1.6c10.3-14.4 6.9-34.4-7.4-44.6s-34.4-6.9-44.6 7.4l-1.1 1.6C206.5 251.2 213 330 263 380c56.5 56.5 148 56.5 204.5 0L579.8 267.7zM60.2 244.3c-56.5 56.5-56.5 148 0 204.5c50 50 128.8 56.5 186.3 15.4l1.6-1.1c14.4-10.3 17.7-30.3 7.4-44.6s-30.3-17.7-44.6-7.4l-1.6 1.1c-32.1 22.9-76 19.3-103.8-8.6C74 372 74 321 105.5 289.5L217.7 177.2c31.5-31.5 82.5-31.5 114 0c27.9 27.9 31.5 71.8 8.6 103.9l-1.1 1.6c-10.3 14.4-6.9 34.4 7.4 44.6s34.4 6.9 44.6-7.4l1.1-1.6C433.5 260.8 427 182 377 132c-56.5-56.5-148-56.5-204.5 0L60.2 244.3z\"><\/path><\/svg><\/span>.<\/p>\n\n\n\n<h2 class=\"wp-block-heading has-x-large-font-size\" style=\"margin-top:var(--wp--preset--spacing--60)\"><strong>Romanistyka &#8211; co to za studia?<\/strong><\/h2>\n\n\n\n<p class=\"has-large-font-size\">Romanistyka to inaczej filologia romanistka. Na romanistyce wiod\u0105cym przedmiotem jest tzw. PNJF, czy i praktyczna nauka j\u0119zyka francuskiego, realizowana na wszystkich latach studi\u00f3w. Poza j\u0119zykiem og\u00f3lnym uczymy j\u0119zyk\u00f3w specjalistycznych (prawo, medycyna, dyplomacja, turystyka, nauki przyrodnicze, ekonomia, gastronomia &#8230; ) Nasi studenci zdobywaj\u0105 r\u00f3wnie\u017c pog\u0142\u0119bion\u0105 wiedz\u0119 z obszaru literaturoznawstwa, j\u0119zykoznawstwa i dydaktyki j\u0119zyk\u00f3w obcych.<\/p>\n\n\n\n<h2 class=\"wp-block-heading\" style=\"margin-top:var(--wp--preset--spacing--50)\"><strong>Czego w\u0142a\u015bciwie naucz\u0119 si\u0119 na tym kierunku?<\/strong><\/h2>\n\n\n\n<ul class=\"wp-block-list\">\n<li>opanujesz biegle j\u0119zyk francuski;<\/li>\n\n\n\n<li>zdob\u0119dziesz pog\u0142\u0119bion\u0105 wiedz\u0119 z zakresu j\u0119zykoznawstwa, literatury i kultury Francji oraz kraj\u00f3w frankofo\u0144skich (Belgia, Szwajcaria, kraje Afryki, Kanada, Karaiby Francuskie);<\/li>\n\n\n\n<li>zdob\u0119dziesz wiedz\u0119 i umiej\u0119tno\u015bci z zakresu dydaktyki j\u0119zyk\u00f3w obcych;<\/li>\n\n\n\n<li>b\u0119dziesz mie\u0107 okazj\u0119 zdoby\u0107 podstawy warsztatu t\u0142umaczeniowego w zakresie j\u0119zyk\u00f3w specjalistycznych;<\/li>\n\n\n\n<li>nauczysz si\u0119 pracowa\u0107 i komunikowa\u0107 w mi\u0119dzynarodowym i mi\u0119dzykulturowym \u015brodowisku;<\/li>\n\n\n\n<li>absolwenci filologii roma\u0144skiej na UW biegle w\u0142adaj\u0105 j\u0119zykiem francuskim, znaj\u0105 kultur\u0119 oraz uwarunkowania spo\u0142eczne kraj\u00f3w europejskich, potrafi\u0105 odnale\u017a\u0107 si\u0119 zawodowo w kontek\u015bcie post\u0119puj\u0105cej integracji europejskiej i globalizacji.<\/li>\n<\/ul>\n\n\n\n<h2 class=\"wp-block-heading\" style=\"margin-top:var(--wp--preset--spacing--50)\">Dwie \u015bcie\u017cki studi\u00f3w &#8211; pocz\u0105tkuj\u0105ca i zaawansowana <\/h2>\n\n\n\n<h3 class=\"wp-block-heading\"><strong>\u015acie\u017cka pocz\u0105tkuj\u0105ca<\/strong> (dla kandydat\u00f3w bez znajomo\u015bci j\u0119zyka francuskiego)<\/h3>\n\n\n\n<ul class=\"wp-block-list\">\n<li>Zaj\u0119cia praktyczne z j\u0119zyka francuskiego: gramatyka j\u0119zyka francuskiego, wypowied\u017a ustna i pisemna, fonetyka praktyczna j\u0119zyka francuskiego;<\/li>\n\n\n\n<li>Zaj\u0119cia wprowadzaj\u0105ce do literaturoznawstwa, j\u0119zykoznawstwa i dydaktyki j\u0119zyk\u00f3w obych;<\/li>\n\n\n\n<li>Historia literatury i kultury francuskiej;<\/li>\n\n\n\n<li>Przedmioty do wyboru.<\/li>\n<\/ul>\n\n\n\n<h3 class=\"wp-block-heading\"><strong>\u015acie\u017cka<\/strong> <strong>zaawansowana<\/strong> (dla kandydat\u00f3w ze znajomo\u015bci\u0105 j\u0119zyka francuskiego)<\/h3>\n\n\n\n<ul class=\"wp-block-list\">\n<li>Zaj\u0119cia praktyczne z j\u0119zyka francuskiego: gramatyka j\u0119zyka francuskiego, wypowied\u017a ustna i pisemna, fonetyka praktyczna j\u0119zyka francuskiego;<\/li>\n\n\n\n<li>Zaj\u0119cia wprowadzaj\u0105ce do literaturoznawstwa, j\u0119zykoznawstwa i dydaktyki j\u0119zyk\u00f3w obcych;<\/li>\n\n\n\n<li>Historia literatury i kultury francuskiej;<\/li>\n\n\n\n<li>Zaj\u0119cia humanistyczne &#8211; filozofia, trening uczenia si\u0119;<\/li>\n\n\n\n<li>Przedmioty do wyboru.<\/li>\n<\/ul>\n\n\n\n<h2 class=\"wp-block-heading\" style=\"margin-top:var(--wp--preset--spacing--50);margin-bottom:0\"><strong>Co nas wyr\u00f3\u017cnia, czyli dlaczego akurat warszawska Romanistyka?<\/strong><\/h2>\n\n\n\n<ul class=\"wp-block-list\">\n<li>Oferujemy rekordow\u0105 liczb\u0119 godzin j\u0119zyka francuskiego 1000 godzin na studiach licencjackich.<\/li>\n\n\n\n<li>Uczymy interdyscyplinarnie &#8211; \u0142\u0105czymy dziedziny i dyscypliny, czerpiemy z najnowszych bada\u0144.<\/li>\n\n\n\n<li>Zaj\u0119cia s\u0105 powi\u0105zane z badaniami naukowymi pracownik\u00f3w.<\/li>\n\n\n\n<li>Jeste\u015bmy otwarci na \u015bwiat! Francja, Belgia, Szwajcaria, Kanada, Karaiby francuskie, Polinezja Francuska, kraje Afryki ( od Maroka po Madagaskar)- o tych miejscach m\u00f3wimy, tam prowadzimy badania.<\/li>\n\n\n\n<li>Ka\u017cdego roku wprowadzamy nowe zaj\u0119cia: lingwistyka komputerowa, in\u017cynieria kulturowa, t\u0142umaczenie piosenki, warsztaty samo\u015bwiadomo\u015bci, zaj\u0119cia po\u015bwi\u0119cone r\u00f3\u017cnym obszarom francuskoj\u0119zycznym.<\/li>\n\n\n\n<li>50-80% zaj\u0119\u0107 to zaj\u0119cia do wyboru!<\/li>\n\n\n\n<li>Ograniczyli\u015bmy do minimum wyk\u0142ady, zast\u0105pili\u015bmy je zaj\u0119ciami umo\u017cliwiaj\u0105cymi dialog i bezpo\u015bredni kontakt: konwersatoriami, warsztatami.<\/li>\n\n\n\n<li>Studia odbywaj\u0105 si\u0119 w trybie stacjonarnym i niestacjonarnym (zaj\u0119cia po godzinie 13.00, umo\u017cliwiaj\u0105ce \u0142\u0105czenie studi\u00f3w z prac\u0105).<\/li>\n<\/ul>\n\n\n\n<h2 class=\"wp-block-heading\" style=\"margin-top:var(--wp--preset--spacing--50)\">Czego mog\u0119 si\u0119 spodziewa\u0107 poza zaj\u0119ciami?<\/h2>\n\n\n\n<p class=\"has-large-font-size\">Jako student filologii roma\u0144skiej:<\/p>\n\n\n\n<ul class=\"wp-block-list\">\n<li>masz mo\u017cliwo\u015b\u0107 skorzystania z bogatej oferty wyjazd\u00f3w stypendialnych w ramach programu Erasmus+ (Instytut Romanistyki ma podpisane umowy z ponad dwudziestoma uczelniami w ca\u0142ej Europie);<\/li>\n\n\n\n<li>w gronie dwudziestu uczelni partnerskich Instytutu Romanistyki jest Universit\u00e9 de Poitiers, gdzie masz mo\u017cliwo\u015b\u0107 uzyskania podw\u00f3jnego polsko-francuskiego dyplomu magisterskiego;<\/li>\n\n\n\n<li>mo\u017cesz skorzysta\u0107 z zaj\u0119\u0107 dydaktycznych oferowanych przez uczelnie partnerskie w ramach sojuszu 4EU+;<\/li>\n\n\n\n<li>dzi\u0119ki otwarto\u015bci Instytutu Romanistyki na inicjatywy i propozycje student\u00f3w masz mo\u017cliwo\u015b\u0107 rozwijania swoich indywidualnych zainteresowa\u0144 zwi\u0105zanych z j\u0119zykiem, literatur\u0105, kultur\u0105 czy histori\u0105 Francji oraz pa\u0144stw francuskoj\u0119zycznych;<\/li>\n\n\n\n<li>dzi\u0119ki wsparciu pracownik\u00f3w naukowych i dydaktycznych masz mo\u017cliwo\u015b\u0107 uczestnictwa w konferencjach naukowych i publikacji pierwszych artyku\u0142\u00f3w;<\/li>\n\n\n\n<li>mo\u017cesz uczestniczy\u0107 w warsztatach z przek\u0142adu pisemnego i ustnego czy z t\u0142umaczenia piosenek francuskich.<\/li>\n\n\n\n<li>mo\u017cesz uczestniczy\u0107 w licznych wyk\u0142adach go\u015bci zagranicznych, wysokiej klasy specjalist\u00f3w w swoich dziedzinach;<\/li>\n\n\n\n<li>masz mo\u017cliwo\u015b\u0107 odbycia sta\u017cy i praktyk w przedsi\u0119biorstwach z francuskim kapita\u0142em, instytucjach kultury, ambasadach i o\u015brodkach kultury innych pa\u0144stw, szko\u0142ach i o\u015brodkach edukacyjnych.<\/li>\n<\/ul>\n\n\n\n<h2 class=\"wp-block-heading\" style=\"margin-top:var(--wp--preset--spacing--60)\">Co mog\u0119 robi\u0107 po romanistyce?<\/h2>\n\n\n\n<p class=\"has-large-font-size\">Blisko 400 milion\u00f3w ludzi na 5 kontynentach m\u00f3wi po francusku. Wed\u0142ug raportu Mi\u0119dzynarodowej Organizacji Frankofonii z 2026 roku, francuski jest <strong>czwartym najcz\u0119\u015bciej u\u017cywanym j\u0119zykiem na \u015bwiecie. <\/strong>Jest j\u0119zykiem oficjalnym w ONZ, Unii Europejskiej, UNESCO, NATO, Mi\u0119dzynarodowym Komitecie Olimpijskim i Czerwonym Krzy\u017cu. Siedziby mi\u0119dzynarodowych organizacji znajduj\u0105 si\u0119 w miastach francuskoj\u0119zycznych (Genewa, Strasbourg, Bruksela, Luksemburg). Znaj\u0105c francuski, mo\u017cna \u0142atwo znale\u017a\u0107 prac\u0119 na ca\u0142ym \u015bwiecie.<\/p>\n\n\n\n<p class=\"has-large-font-size\">Nasi absolwenci pracuj\u0105 najcz\u0119\u015bciej w nast\u0119puj\u0105cych bran\u017cach:<\/p>\n\n\n\n<ul class=\"wp-block-list\">\n<li>firmy z francuskim kapita\u0142em i firmy mi\u0119dzynarodowe;<\/li>\n\n\n\n<li>dyplomacja \/ organizacje i instytucje mi\u0119dzynarodowe;<\/li>\n\n\n\n<li>bran\u017ca t\u0142umaczeniowa i turystyczna;<\/li>\n\n\n\n<li>nauczanie j\u0119zyka francuskiego w r\u00f3\u017cnych kontekstach edukacyjnych (szkolnictwo publiczne, prywatne, szko\u0142y j\u0119zykowe).<\/li>\n<\/ul>\n\n\n\n<p class=\"has-large-font-size\">Wed\u0142ug danych za 2022 rok w systemie ELA \u2013 Ekonomiczne Losy Absolwent\u00f3w, czas poszukiwania pracy na pe\u0142ny etat przez absolwent\u00f3w kierunku filologia roma\u0144ska w Instytucie Romanistyki UW wynosi\u0142 maksymalnie dwa miesi\u0105ce.<\/p>\n\n\n\n<h2 class=\"wp-block-heading\" style=\"padding-bottom:var(--wp--preset--spacing--40)\">Zobacz kr\u00f3tki film o naszym Instytucie<\/h2>\n\n\n\n<iframe loading=\"lazy\" width=\"560\" height=\"315\" src=\"https:\/\/www.youtube-nocookie.com\/embed\/MXPveg0QCF4?si=FW6ONmnm57Vqtccx\" title=\"YouTube video player\" frameborder=\"0\" allow=\"accelerometer; autoplay; clipboard-write; encrypted-media; gyroscope; picture-in-picture; web-share\" referrerpolicy=\"strict-origin-when-cross-origin\" allowfullscreen><\/iframe>\n\n\n\n<h1 class=\"wp-block-heading\" style=\"padding-top:var(--wp--preset--spacing--60);padding-bottom:var(--wp--preset--spacing--40)\">Foldery informacyjne Instytutu Romanistyki<\/h1>\n\n\n\n<div class=\"wp-block-group is-vertical is-layout-flex wp-container-core-group-is-layout-fe9cc265 wp-block-group-is-layout-flex\">\n<div class=\"wp-block-file has-border-color has-contrast-border-color has-base-background-color has-background has-link-color wp-elements-de2656d6fe4b03a593f21e7b86fae55e\" style=\"border-width:2px;padding-top:var(--wp--preset--spacing--30);padding-right:var(--wp--preset--spacing--30);padding-bottom:var(--wp--preset--spacing--30);padding-left:var(--wp--preset--spacing--30)\"><a id=\"wp-block-file--media-f69ab8cb-c73c-43f8-a0ae-9bebfce31876\" href=\"https:\/\/romanistyka.wn.uw.edu.pl\/wp-content\/uploads\/2025\/05\/Ulotka-romanistyki-dzien-otwarty.pdf\"><span style=\"text-decoration: underline;\">Ulotka IR<\/span> (dokument PDF) <span class=\"wp-rich-text-font-awesome-icon wp-font-awesome-icon\"><svg aria-hidden=\"true\" focusable=\"false\" data-prefix=\"fas\" data-icon=\"paperclip\" class=\"svg-inline--fa fa-paperclip \" role=\"img\" xmlns=\"http:\/\/www.w3.org\/2000\/svg\" viewBox=\"0 0 512 512\"><path fill=\"currentColor\" d=\"M396.2 83.8c-24.4-24.4-64-24.4-88.4 0l-184 184c-42.1 42.1-42.1 110.3 0 152.4s110.3 42.1 152.4 0l152-152c10.9-10.9 28.7-10.9 39.6 0s10.9 28.7 0 39.6l-152 152c-64 64-167.6 64-231.6 0s-64-167.6 0-231.6l184-184c46.3-46.3 121.3-46.3 167.6 0s46.3 121.3 0 167.6l-176 176c-28.6 28.6-75 28.6-103.6 0s-28.6-75 0-103.6l144-144c10.9-10.9 28.7-10.9 39.6 0s10.9 28.7 0 39.6l-144 144c-6.7 6.7-6.7 17.7 0 24.4s17.7 6.7 24.4 0l176-176c24.4-24.4 24.4-64 0-88.4z\"><\/path><\/svg><\/span><\/a><\/div>\n\n\n\n<div class=\"wp-block-file has-border-color has-contrast-border-color has-base-background-color has-background has-link-color wp-elements-46ae6323f899ade6fbaf3e21592d2b6a\" style=\"border-width:2px;padding-top:var(--wp--preset--spacing--30);padding-right:var(--wp--preset--spacing--30);padding-bottom:var(--wp--preset--spacing--30);padding-left:var(--wp--preset--spacing--30)\"><a id=\"wp-block-file--media-a6860f35-3dc7-49ed-bea1-996b5aabcf9b\" href=\"https:\/\/romanistyka.wn.uw.edu.pl\/wp-content\/uploads\/2025\/05\/Folder-romanistyka-dzien-otwarty.pdf\"><span style=\"text-decoration: underline;\">Informacje o studiach <\/span>(dokument PDF) <span class=\"wp-rich-text-font-awesome-icon wp-font-awesome-icon\"><svg aria-hidden=\"true\" focusable=\"false\" data-prefix=\"fas\" data-icon=\"paperclip\" class=\"svg-inline--fa fa-paperclip \" role=\"img\" xmlns=\"http:\/\/www.w3.org\/2000\/svg\" viewBox=\"0 0 512 512\"><path fill=\"currentColor\" d=\"M396.2 83.8c-24.4-24.4-64-24.4-88.4 0l-184 184c-42.1 42.1-42.1 110.3 0 152.4s110.3 42.1 152.4 0l152-152c10.9-10.9 28.7-10.9 39.6 0s10.9 28.7 0 39.6l-152 152c-64 64-167.6 64-231.6 0s-64-167.6 0-231.6l184-184c46.3-46.3 121.3-46.3 167.6 0s46.3 121.3 0 167.6l-176 176c-28.6 28.6-75 28.6-103.6 0s-28.6-75 0-103.6l144-144c10.9-10.9 28.7-10.9 39.6 0s10.9 28.7 0 39.6l-144 144c-6.7 6.7-6.7 17.7 0 24.4s17.7 6.7 24.4 0l176-176c24.4-24.4 24.4-64 0-88.4z\"><\/path><\/svg><\/span><\/a><\/div>\n<\/div>\n","protected":false},"excerpt":{"rendered":"<p>Serdecznie zapraszamy na studia w Instytucie Romanistyki, Wydzia\u0142 Neofilologii UW! Poni\u017cej przedstawiamy informacje og\u00f3lne dotycz\u0105ce rekrutacji. Informacje szczeg\u00f3\u0142owe dost\u0119pne s\u0105 w zak\u0142adkach Studia I stopnia i Studia II stopnia. Zach\u0119camy r\u00f3wnie\u017c do zapoznania si\u0119 z folderami informacyjnymi o naszych studiach, kt\u00f3re znajduj\u0105 si\u0119 na dole strony oraz z najcz\u0119\u015bciej zadawanymi pytaniami, dost\u0119pnymi w zak\u0142adce Cz\u0119sto [&hellip;]<\/p>\n","protected":false},"author":4,"featured_media":0,"parent":0,"menu_order":0,"comment_status":"closed","ping_status":"closed","template":"page-no-title","meta":{"footnotes":""},"class_list":["post-1687","page","type-page","status-publish","hentry"],"_links":{"self":[{"href":"https:\/\/romanistyka.wn.uw.edu.pl\/index.php\/wp-json\/wp\/v2\/pages\/1687","targetHints":{"allow":["GET"]}}],"collection":[{"href":"https:\/\/romanistyka.wn.uw.edu.pl\/index.php\/wp-json\/wp\/v2\/pages"}],"about":[{"href":"https:\/\/romanistyka.wn.uw.edu.pl\/index.php\/wp-json\/wp\/v2\/types\/page"}],"author":[{"embeddable":true,"href":"https:\/\/romanistyka.wn.uw.edu.pl\/index.php\/wp-json\/wp\/v2\/users\/4"}],"replies":[{"embeddable":true,"href":"https:\/\/romanistyka.wn.uw.edu.pl\/index.php\/wp-json\/wp\/v2\/comments?post=1687"}],"version-history":[{"count":50,"href":"https:\/\/romanistyka.wn.uw.edu.pl\/index.php\/wp-json\/wp\/v2\/pages\/1687\/revisions"}],"predecessor-version":[{"id":7532,"href":"https:\/\/romanistyka.wn.uw.edu.pl\/index.php\/wp-json\/wp\/v2\/pages\/1687\/revisions\/7532"}],"wp:attachment":[{"href":"https:\/\/romanistyka.wn.uw.edu.pl\/index.php\/wp-json\/wp\/v2\/media?parent=1687"}],"curies":[{"name":"wp","href":"https:\/\/api.w.org\/{rel}","templated":true}]}}