{"id":1666,"date":"2023-06-14T20:25:38","date_gmt":"2023-06-14T20:25:38","guid":{"rendered":"https:\/\/romanistyka.wn.uw.edu.pl\/?page_id=1666"},"modified":"2025-04-30T02:38:53","modified_gmt":"2025-04-30T02:38:53","slug":"podania","status":"publish","type":"page","link":"https:\/\/romanistyka.wn.uw.edu.pl\/index.php\/rozliczenie-roku\/podania\/","title":{"rendered":"Stypendia i zapomogi"},"content":{"rendered":"\n<p>Uniwersytet jest miejscem, w&nbsp;kt\u00f3rym&nbsp;znajd\u0105 Pa\u0144stwo wsparcie nie&nbsp;tylko&nbsp;w&nbsp; rozwoju naukowym, ale&nbsp;r\u00f3wnie\u017c w&nbsp;trudnej sytuacji materialnej lub \u017cyciowej. Do&nbsp;najpopularniejszych stypendi\u00f3w dla student\u00f3w nale\u017c\u0105: stypendium socjalne i&nbsp;zapomoga oraz&nbsp;stypendium rektora. W&nbsp;przypadku student\u00f3w, kt\u00f3rzy&nbsp;posiadaj\u0105 orzeczenie o&nbsp;stopniu niepe\u0142nosprawno\u015bci dost\u0119pne jest r\u00f3wnie\u017c stypendium dla os\u00f3b niepe\u0142nosprawnych. Staramy si\u0119, aby ubieganie si\u0119 o&nbsp;ka\u017cde z&nbsp;tych stypendi\u00f3w by\u0142o jak najprostsze. Ca\u0142a procedura odbywa si\u0119 online, za&nbsp;po\u015brednictwem USOSweb (po&nbsp;zalogowaniu si\u0119 do&nbsp;USOSweb centralnego nale\u017cy wybra\u0107:&nbsp;<em>dla wszystkich<\/em>, nast\u0119pnie&nbsp;<em>wnioski<\/em>).<\/p>\n\n\n\n<p><\/p>\n\n\n\n<p><strong>Stypendium socjalne<\/strong>&nbsp;\u2013 dedykowane jest osobom, kt\u00f3rych&nbsp;doch\u00f3d nie&nbsp;przekracza 1294 z\u0142 na&nbsp;osob\u0119 w&nbsp;rodzinie. Stypendium wyp\u0142acane jest przez&nbsp;10 miesi\u0119cy. Aby zachowa\u0107 prawo do&nbsp;stypendium za&nbsp;dany miesi\u0105c nale\u017cy z\u0142o\u017cy\u0107 wniosek&nbsp;<strong>do&nbsp;18. dnia ka\u017cdego miesi\u0105ca<\/strong> (w listopadzie 2023 r., w lutym, maju, sierpniu 2024 r. do 20. dnia miesi\u0105ca).<\/p>\n\n\n\n<p><em>Przyk\u0142ad<\/em>:<\/p>\n\n\n\n<p>Rektor wskaza\u0142 10. dzie\u0144 ka\u017cdego miesi\u0105ca jako termin do kt\u00f3rego nale\u017cy z\u0142o\u017cy\u0107 wniosek, aby mie\u0107 prawo do wyr\u00f3wnania. Jan Kowalski z\u0142o\u017cy\u0142 wniosek 9 pa\u017adziernika, wniosek zosta\u0142 rozpatrzony pod koniec listopada. Oznacza to, \u017ce Jan w grudniu otrzyma stypendium w potr\u00f3jnej wysoko\u015bci.<\/p>\n\n\n\n<p>To co najwa\u017cniejsze to z\u0142o\u017cenie wniosku. Im szybciej z\u0142o\u017cysz wniosek, w tym lepszej sytuacji b\u0119dziesz. Z\u0142o\u017cenie wniosku do 18. dnia miesi\u0105ca gwarantuje Ci mo\u017cliwo\u015b\u0107 ubiegania si\u0119 o stypendium r\u00f3wnie\u017c za ten miesi\u0105c. Przyk\u0142ad:<\/p>\n\n\n\n<ul class=\"wp-block-list\">\n<li>student X z\u0142o\u017cy\u0142 wniosek 1 pa\u017adziernika \u2013 ma prawo do ubiegania si\u0119 o stypendium r\u00f3wnie\u017c za ten miesi\u0105c,<\/li>\n\n\n\n<li>student Y z\u0142o\u017cy\u0142 wniosek 19 pa\u017adziernika \u2013 ta osoba nie ma prawa do otrzymania stypendium za pa\u017adziernik.<\/li>\n<\/ul>\n\n\n\n<p><br>Zachowanie terminu umo\u017cliwi naliczenie \u015bwiadczenia od miesi\u0105ca z\u0142o\u017cenia wniosku.<\/p>\n\n\n\n<p>Wnioski rozpatrywane s\u0105&nbsp;przez&nbsp;Biuro ds.&nbsp;Pomocy Materialnej\/koordynatora ds.&nbsp;stypendialnych. Wi\u0119cej informacji:&nbsp;<a href=\"https:\/\/bpm.uw.edu.pl\/wszystko-co-musisz-wiedziec-o-stypendium-socjalnym-rok-akademicki-2023-2024\/\">https:\/\/bpm.uw.edu.pl\/wszystko-co-musisz-wiedziec-o-stypendium-socjalnym-rok-akademicki-2023-2024\/<\/a><\/p>\n\n\n\n<p><strong>Zapomoga<\/strong>&nbsp;\u2013 jest jednorazowym \u015bwiadczeniem skierowanym do&nbsp;os\u00f3b, kt\u00f3re przej\u015bciowo znalaz\u0142y si\u0119 w&nbsp;trudnej sytuacji \u017cyciowej. W&nbsp;ci\u0105gu roku akademickiego student mo\u017ce otrzyma\u0107 2 zapomogi (zapomogi wyp\u0142acane s\u0105&nbsp;jednorazowo i&nbsp;s\u0105&nbsp;bezzwrotne). Ka\u017cda z&nbsp;nich musi dotyczy\u0107 innego zdarzenia, np.&nbsp;zapomoga nr&nbsp;1: utrata dochodu z&nbsp;powodu kl\u0119ski \u017cywio\u0142owej, zapomoga nr&nbsp;2: konieczno\u015b\u0107 poniesienia koszt\u00f3w leczenia. Wnioski rozpatrywane s\u0105&nbsp;przez&nbsp;komisj\u0119 ds.&nbsp;zapom\u00f3g (<a href=\"mailto:zapomogi@samorzad.uw.edu.pl\">zapomogi@samorzad.uw.edu.pl<\/a>), mo\u017cna je&nbsp;sk\u0142ada\u0107 przez&nbsp;ca\u0142y rok. Wi\u0119cej informacji:<\/p>\n\n\n\n<p>&nbsp;<a rel=\"noreferrer noopener\" href=\"https:\/\/bpm.uw.edu.pl\/zapomogi\/\" target=\"_blank\">https:\/\/bpm.uw.edu.pl\/zapomogi\/<\/a>.<\/p>\n\n\n\n<p><strong>Stypendium rektora<\/strong>\u00a0\u2013 skierowane do\u00a0os\u00f3b, kt\u00f3re wyr\u00f3\u017cniaj\u0105 si\u0119 pod\u00a0wzgl\u0119dem naukowym, sportowym lub artystycznym. W\u00a0tym roku akademickim wniosek o\u00a0stypendium rektora nale\u017cy z\u0142o\u017cy\u0107\u00a0<strong>do\u00a015 pa\u017adziernika<\/strong>. Wnioski z\u0142o\u017cone po\u00a0tym terminie pozostan\u0105 bez\u00a0rozpoznania. Od\u00a0tego roku akademickiego studenci UW, kt\u00f3rzy\u00a0zmienili kierunek wzgl\u0119dem ubieg\u0142ego roku nie\u00a0musz\u0105 do\u0142\u0105cza\u0107 do\u00a0wniosku za\u015bwiadczenia o\u00a0\u015bredniej. Wi\u0119cej informacji:\u00a0<a href=\"https:\/\/bpm.uw.edu.pl\/wszystko-co-musisz-wiedziec-o-wnioskowaniu-o-stypendium-rektora-rok-akademicki-2024-2025\/\">stypendium rektora 2024\/2025<\/a><\/p>\n\n\n\n<p><strong>Stypendium dla os\u00f3b z niepe\u0142nosprawno\u015bciami<\/strong>&nbsp;\u2013 \u015bwiadczenie dedykowane osobom, kt\u00f3re posiadaj\u0105 orzeczenie o&nbsp;stopniu niepe\u0142nosprawno\u015bci. Wysoko\u015b\u0107 stypendium uzale\u017cniona jest od&nbsp;stopnia niepe\u0142nosprawno\u015bci. Wi\u0119cej informacji:&nbsp;<a rel=\"noreferrer noopener\" href=\"https:\/\/bon.uw.edu.pl\/dla-studentow\/stypendium-dla-osob-z-niepelnosprawnosciami\/\" target=\"_blank\">https:\/\/bon.uw.edu.pl\/dla-studentow\/stypendium-dla-osob-z-niepelnosprawnosciami\/<\/a>.<\/p>\n\n\n\n<p><\/p>\n","protected":false},"excerpt":{"rendered":"<p>Uniwersytet jest miejscem, w&nbsp;kt\u00f3rym&nbsp;znajd\u0105 Pa\u0144stwo wsparcie nie&nbsp;tylko&nbsp;w&nbsp; rozwoju naukowym, ale&nbsp;r\u00f3wnie\u017c w&nbsp;trudnej sytuacji materialnej lub \u017cyciowej. Do&nbsp;najpopularniejszych stypendi\u00f3w dla student\u00f3w nale\u017c\u0105: stypendium socjalne i&nbsp;zapomoga oraz&nbsp;stypendium rektora. W&nbsp;przypadku student\u00f3w, kt\u00f3rzy&nbsp;posiadaj\u0105 orzeczenie o&nbsp;stopniu niepe\u0142nosprawno\u015bci dost\u0119pne jest r\u00f3wnie\u017c stypendium dla os\u00f3b niepe\u0142nosprawnych. Staramy si\u0119, aby ubieganie si\u0119 o&nbsp;ka\u017cde z&nbsp;tych stypendi\u00f3w by\u0142o jak najprostsze. Ca\u0142a procedura odbywa si\u0119 online, za&nbsp;po\u015brednictwem [&hellip;]<\/p>\n","protected":false},"author":4,"featured_media":0,"parent":627,"menu_order":1,"comment_status":"closed","ping_status":"closed","template":"page-no-title","meta":{"footnotes":""},"class_list":["post-1666","page","type-page","status-publish","hentry"],"_links":{"self":[{"href":"https:\/\/romanistyka.wn.uw.edu.pl\/index.php\/wp-json\/wp\/v2\/pages\/1666","targetHints":{"allow":["GET"]}}],"collection":[{"href":"https:\/\/romanistyka.wn.uw.edu.pl\/index.php\/wp-json\/wp\/v2\/pages"}],"about":[{"href":"https:\/\/romanistyka.wn.uw.edu.pl\/index.php\/wp-json\/wp\/v2\/types\/page"}],"author":[{"embeddable":true,"href":"https:\/\/romanistyka.wn.uw.edu.pl\/index.php\/wp-json\/wp\/v2\/users\/4"}],"replies":[{"embeddable":true,"href":"https:\/\/romanistyka.wn.uw.edu.pl\/index.php\/wp-json\/wp\/v2\/comments?post=1666"}],"version-history":[{"count":6,"href":"https:\/\/romanistyka.wn.uw.edu.pl\/index.php\/wp-json\/wp\/v2\/pages\/1666\/revisions"}],"predecessor-version":[{"id":3399,"href":"https:\/\/romanistyka.wn.uw.edu.pl\/index.php\/wp-json\/wp\/v2\/pages\/1666\/revisions\/3399"}],"up":[{"embeddable":true,"href":"https:\/\/romanistyka.wn.uw.edu.pl\/index.php\/wp-json\/wp\/v2\/pages\/627"}],"wp:attachment":[{"href":"https:\/\/romanistyka.wn.uw.edu.pl\/index.php\/wp-json\/wp\/v2\/media?parent=1666"}],"curies":[{"name":"wp","href":"https:\/\/api.w.org\/{rel}","templated":true}]}}