{"id":1043,"date":"2023-02-13T10:33:28","date_gmt":"2023-02-13T10:33:28","guid":{"rendered":"https:\/\/romanistyka.wn.uw.edu.pl\/?page_id=1043"},"modified":"2023-02-13T10:33:29","modified_gmt":"2023-02-13T10:33:29","slug":"stanczyk-ewa","status":"publish","type":"page","link":"https:\/\/romanistyka.wn.uw.edu.pl\/index.php\/pracownicy-emerytowani\/stanczyk-ewa\/","title":{"rendered":"Sta\u0144czyk Ewa"},"content":{"rendered":"\n<div class=\"wp-block-columns is-layout-flex wp-container-core-columns-is-layout-28f84493 wp-block-columns-is-layout-flex\">\n<div class=\"wp-block-column is-layout-flow wp-block-column-is-layout-flow\" style=\"flex-basis:33.33%\">\n<figure class=\"wp-block-image aligncenter size-full\"><img loading=\"lazy\" decoding=\"async\" width=\"150\" height=\"150\" src=\"https:\/\/romanistyka.wn.uw.edu.pl\/wp-content\/uploads\/2023\/02\/mgr-Ewa-Stanczyk.jpg\" alt=\"\" class=\"wp-image-1044\"\/><\/figure>\n<\/div>\n\n\n\n<div class=\"wp-block-column is-layout-flow wp-block-column-is-layout-flow\" style=\"flex-basis:66.66%\">\n<h2 class=\"wp-block-heading\">mgr Ewa Sta\u0144czyk<\/h2>\n\n\n\n<p>Zak\u0142ad Dydaktyki J\u0119zyk\u00f3w Roma\u0144skich&nbsp;<\/p>\n\n\n\n<p>Wyk\u0142adowca&nbsp;<\/p>\n\n\n\n<p><a href=\"mailto:e.stanczyk@uw.edu.pl\">e.stanczyk@uw.edu.pl<\/a><\/p>\n\n\n\n<div style=\"height:20px\" aria-hidden=\"true\" class=\"wp-block-spacer\"><\/div>\n\n\n\n<h6 class=\"wp-block-heading\"><strong>Cz\u0142onkostwo w organizacjach i stowarzyszeniach:<\/strong><\/h6>\n\n\n\n<p>Liczne nagrody Rektora UW za prace dydaktyczn\u0105<\/p>\n<\/div>\n<\/div>\n\n\n\n<p><\/p>\n","protected":false},"excerpt":{"rendered":"<p>mgr Ewa Sta\u0144czyk Zak\u0142ad Dydaktyki J\u0119zyk\u00f3w Roma\u0144skich&nbsp; Wyk\u0142adowca&nbsp; e.stanczyk@uw.edu.pl Cz\u0142onkostwo w organizacjach i stowarzyszeniach: Liczne nagrody Rektora UW za prace dydaktyczn\u0105<\/p>\n","protected":false},"author":1,"featured_media":0,"parent":937,"menu_order":0,"comment_status":"closed","ping_status":"closed","template":"","meta":{"footnotes":""},"class_list":["post-1043","page","type-page","status-publish","hentry"],"_links":{"self":[{"href":"https:\/\/romanistyka.wn.uw.edu.pl\/index.php\/wp-json\/wp\/v2\/pages\/1043","targetHints":{"allow":["GET"]}}],"collection":[{"href":"https:\/\/romanistyka.wn.uw.edu.pl\/index.php\/wp-json\/wp\/v2\/pages"}],"about":[{"href":"https:\/\/romanistyka.wn.uw.edu.pl\/index.php\/wp-json\/wp\/v2\/types\/page"}],"author":[{"embeddable":true,"href":"https:\/\/romanistyka.wn.uw.edu.pl\/index.php\/wp-json\/wp\/v2\/users\/1"}],"replies":[{"embeddable":true,"href":"https:\/\/romanistyka.wn.uw.edu.pl\/index.php\/wp-json\/wp\/v2\/comments?post=1043"}],"version-history":[{"count":1,"href":"https:\/\/romanistyka.wn.uw.edu.pl\/index.php\/wp-json\/wp\/v2\/pages\/1043\/revisions"}],"predecessor-version":[{"id":1045,"href":"https:\/\/romanistyka.wn.uw.edu.pl\/index.php\/wp-json\/wp\/v2\/pages\/1043\/revisions\/1045"}],"up":[{"embeddable":true,"href":"https:\/\/romanistyka.wn.uw.edu.pl\/index.php\/wp-json\/wp\/v2\/pages\/937"}],"wp:attachment":[{"href":"https:\/\/romanistyka.wn.uw.edu.pl\/index.php\/wp-json\/wp\/v2\/media?parent=1043"}],"curies":[{"name":"wp","href":"https:\/\/api.w.org\/{rel}","templated":true}]}}