{"id":1028,"date":"2023-02-13T10:19:32","date_gmt":"2023-02-13T10:19:32","guid":{"rendered":"https:\/\/romanistyka.wn.uw.edu.pl\/?page_id=1028"},"modified":"2023-02-13T10:19:33","modified_gmt":"2023-02-13T10:19:33","slug":"forycki-remigiusz","status":"publish","type":"page","link":"https:\/\/romanistyka.wn.uw.edu.pl\/index.php\/pracownicy-emerytowani\/forycki-remigiusz\/","title":{"rendered":"Forycki Remigiusz"},"content":{"rendered":"\n<div class=\"wp-block-columns is-layout-flex wp-container-core-columns-is-layout-28f84493 wp-block-columns-is-layout-flex\">\n<div class=\"wp-block-column is-layout-flow wp-block-column-is-layout-flow\" style=\"flex-basis:33.33%\">\n<figure class=\"wp-block-image aligncenter size-full\"><img loading=\"lazy\" decoding=\"async\" width=\"98\" height=\"98\" src=\"https:\/\/romanistyka.wn.uw.edu.pl\/wp-content\/uploads\/2023\/02\/prof.-dr-hab.-Remigiusz-Forycki.jpg\" alt=\"\" class=\"wp-image-1029\"\/><\/figure>\n<\/div>\n\n\n\n<div class=\"wp-block-column is-layout-flow wp-block-column-is-layout-flow\" style=\"flex-basis:66.66%\">\n<h2 class=\"wp-block-heading\">prof. dr hab. Remigiusz Forycki<\/h2>\n\n\n\n<p>Zak\u0142ad Literaturoznawstwa Francuskiego&nbsp;<\/p>\n\n\n\n<p>Profesor zwyczajny (grupa badawczo-dydaktyczna)&nbsp;&nbsp;&nbsp;&nbsp;&nbsp;&nbsp;&nbsp;&nbsp;&nbsp;&nbsp;&nbsp;&nbsp;<\/p>\n\n\n\n<p><a href=\"mailto:r.forycki@uw.edu.pl\">r.forycki@uw.edu.pl<\/a><\/p>\n\n\n\n<div style=\"height:20px\" aria-hidden=\"true\" class=\"wp-block-spacer\"><\/div>\n\n\n\n<h6 class=\"wp-block-heading\"><strong>Tematyka bada\u0144<\/strong><\/h6>\n\n\n\n<p>Historia literatury francuskiej ze szczeg\u00f3lnym uwzgl\u0119dnieniem XIX wieku, polityczno-kulturalne stosunki francusko-rosyjsko-polskie.&nbsp;<\/p>\n\n\n\n<div style=\"height:20px\" aria-hidden=\"true\" class=\"wp-block-spacer\"><\/div>\n\n\n\n<h6 class=\"wp-block-heading\"><strong>Publikacje<\/strong><\/h6>\n\n\n\n<p>A.&nbsp;PRACE WYKONANE PRZED ZATERUDNIENIEM NA STANOWISKU PROFESORA NADZWYCZAJNEGO<br><br>I. Oryginalne opublikowane naukowe prace tw\u00f3rcze J.<br>1. Ksi\u0105\u017cki<br>1.1.&nbsp;<em>Recepcja dramaturgii Wiktora Hugo w latach 1828-1863 w krytyce i na scenach polskich<\/em>, Warszawa 1977 (ksi\u0105\u017cka na prawach r\u0119kopisu).<br>1.2.&nbsp;<em>Stendhal. Geniusz podejrze\u0144<\/em>, Wydawnictwa UW, Warszawa 1987 (ksi\u0105\u017cka).<br><br>2. Artyku\u0142y naukowe<br>2.1.&nbsp;<em>Recepcja dramat\u00f3w Wiktora Hugo w Polsce w pierwszej po\u0142owie XIX wieku<\/em>, \u201ePrzegl\u0105d Humanistyczny\u201d, nr 8\/167, Warszawa 1979, s. 143-158 (artyku\u0142).<br>2.2.&nbsp;<em>Profetyzm i mesjanizm<\/em>, \u201eBiuletyn Polonistyczny\u201d IBL PAN, zeszyt 4, 1983, s. 52-58 (artyku\u0142).<br>2.3.&nbsp;<em>Le drame des drames de Victor Hugo en Pologne (1830-1863)&nbsp;<\/em>, w: \u00ab Le rayonnement international de Victor Hugo \u00bb, Peter Lang, New York, Bern, Frankfurt am Main, Paris 1985, s. 141-145 (rozdzia\u0142 w ksi\u0105\u017cce).<br>2.4.&nbsp;<em>Dlaczego urodzi\u0142 si\u0119 Grass ?&nbsp;<\/em>w: \u201eAlternatywy\u201d, Warszawa 1985, s. 17-27 (przek\u0142ad).<br>2.5.&nbsp;<em>Le proph\u00e9tisme ma\u00e7onnique de J. de Maistre et sa mission en Russie (1803-1817)&nbsp;<\/em>, \u201eCahiers de Varsovie\u201d, nr 13, Warszawa 1986, s. 211-217 (artyku\u0142). 2.6.&nbsp;<em>Droga do Nobla<\/em>, tekst o Claude Simonie, \u201ePrzegl\u0105d Katolicki\u201d, nr 2 Warszawa 1986 (artyku\u0142).<br>2.7.&nbsp;<em>Ksi\u0119ga i potw\u00f3r<\/em>, wsp\u00f3\u0142aut. Maria Janion, \u201ePrzegl\u0105d Humanistyczny, nr 7-8, Warszawa 1987, ok. 8 stron (artyku\u0142).<br>2.8.&nbsp;<em>L\u2019autoportrait romantique: Stendhal et Delacroix<\/em>, w: \u201eLe portrait litt\u00e9raire\u201d, Presses Universitaires de Lyon 1988, s. 199-208 (rozdzia\u0142 w ksi\u0105\u017cce). 2.9.&nbsp;<em>Maski Stendhala<\/em>, \u201eTw\u00f3rczo\u015b\u0107\u201d, nr 7, Warszawa 1989, ok. 10 stron (artyku\u0142).<br><br>3. Inne publikacje<br>3.1.&nbsp;<em>Jubileusz Stendhala<\/em>, \u201eNowe Ksi\u0105\u017cki\u201d, nr 4, 1983, s. 7-10 (artyku\u0142).<br>3.2.&nbsp;<em>Colloque \u00ab Proph\u00e9tisme et messianisme dans les lettres polonaises et fran\u00e7aises de l\u2019\u00e9poque romantique \u00bb&nbsp;<\/em>\u201eStudi Francesi\u201d, nr 83, Torino 1984, s. 314-316.<br>3.3.&nbsp;<em>Proza poetycka Maxa Jacoba<\/em>, \u201eNowe Ksi\u0105\u017cki\u201d, nr 6, 1984, s. 56-58.<br>3.4.&nbsp;<em>Wzi\u0105\u0107 na siebie ci\u0119\u017car grzech\u00f3w \u015bwiata<\/em>, \u201eNowe Ksi\u0105\u017cki\u201d, nr 8, 1984, s. 75-77.<br>3.5.&nbsp;<em>Strefy wyobra\u017ani<\/em>, \u201eNowe Ksi\u0105\u017cki\u201d, nr 9, 1984, s. 65-67.<br>3.6.&nbsp;<em>Wyci\u0105gniesz r\u0119ce twe&#8230;&nbsp;<\/em>, \u201eNowe Ksi\u0105\u017cki\u201d, nr 2, 1985, s. 55-57.<br>3.7.&nbsp;<em>Archeologia zwa\u0142\u00f3w subiektywno\u015bci<\/em>, \u201eNowe Ksi\u0105\u017cki\u201d, nr 5, 1987.<br>3.8.&nbsp;<em>Jean Delumeau- wywiad<\/em>, \u201eNowe Ksi\u0105\u017cki\u201d, nr 5, 1988, s. 3-4 (wywiad).<br>3.9.&nbsp;<em>Kr\u00f3tki kurs polskiej kwadratury ko\u0142a czyli krytyka obserwatora z zewn\u0105trz<\/em>, rozmowa-wywiad z Alain Besan\u00e7onem, podziemne Wydawnictwo CDN, Warszawa 1989, s. 3-18 (wywiad).<br>3.10.&nbsp;<em>Literacki paradoks Rewolucji francuskiej<\/em>, wsp\u00f3\u0142aut. Maria Janion, \u201eProblemy\u201d nr 7, Warszawa 1989, s. 10-16 (artyku\u0142).<br><br>B.&nbsp;PRACE WYKONANE PO ZATERUDNIENIU NA STANOWISKU PROFESORA NADZWYCZAINEGO<br>I. Oryginalne opublikowane naukowe prace tw\u00f3rcze<br>1. Ksi\u0105\u017cki<br>1.1.&nbsp;<em>Podr\u00f3\u017c do Rosji. Sp\u00f3r o imperium car\u00f3w (1761-1839<\/em>), Wydawnictwa Uniwersytetu Warszawskiego, Warszawa 2013 (ksi\u0105\u017cka).<br>2. Artyku\u0142y naukowe<br>2.10.&nbsp;<em>Obraz Rosji w tw\u00f3rczo\u015bci Joseph de Maistre\u2019a i Jana Potockiego<\/em>, w: \u201eMi\u0119dzy Wschodem a Zachodem: pi\u015bmiennictwo pogranicza na przyk\u0142adzie ziem mi\u0119dzy Wis\u0142\u0105 i Bugiem do po\u0142. XIX w.\u201d, PWN, Warszawa 1991, s. 235-246 (rozdzia\u0142 w ksi\u0105\u017cce).<br>2.11.&nbsp;<em>Der Italienkult Stendhals oder die Identit\u00e4t in der Krise<\/em>, w: \u201eIdentit\u00e4tskrise und Surrogatidentit\u00e4ten. Zur Wiederkehr einer romantischen Konstellation\u201d, Campus Verlag Frankfurt\/New York, Editions de la Mason des Sciences de l\u2019Homme, Paris 1989, s. 163-176 (rozdzia\u0142 w ksi\u0105\u017cce).<br>2.12.&nbsp;<em>Les fantasmes de la R\u00e9volution<\/em>, wsp\u00f3\u0142autorstwo z Mari\u0105 Janion w: \u201eL\u2019image de la R\u00e9volution Fran\u00e7aise\u201d, Per gamon Press, Paris 1989, s. 2272-2277 (rozdzia\u0142 w ksi\u0105\u017cce).<br>2.13.&nbsp;<em>L\u2019apocalypse la\u00efque<\/em>, wsp\u00f3\u0142aut. Maria Janion, \u201eLettre Internationale\u201d nr 21, Paris 1989 (artyku\u0142).<br>2.14.&nbsp;<em>Chappe d\u2019Auteroche et son voyage en Russie<\/em>, w: \u201eActes du XIIe Congr\u00e8s de l\u2019Association Internationale de Litt\u00e9rature Compar\u00e9e\u201d, Judiciu, Monachium 1989, s. 322-328 (rozdzia\u0142 w ksi\u0105\u017cce).<br>2.15.&nbsp;<em>Le cabinet d\u2019optique de Stendhal<\/em>, w: \u201eDu visible \u00e0 invisible\u201d, Jos\u00e9 Corti 1989, s. 166-174 (rozdzia\u0142 w ksi\u0105\u017cce).<br>2.16.&nbsp;<em>Joseph de Maistre i Jan Potocki<\/em>, \u201cRes Publica\u201d nr 12, Warszawa 1990, s. 89-96 (artyku\u0142).<br>2.17.&nbsp;<em>Mi\u0119dzy apostazj\u0105 a palinodi\u0105 polityczn\u0105: hrabia Adam Gurowski i markiz de Custine<\/em>, \u201eBlok-Notes\u201d, Muzeum Literatury im. Adama Mickiewicza nr 10, Warszawa 1991, s. 311-327 (rozdzia\u0142 w ksi\u0105\u017cce).<br>2.18.&nbsp;<em>Catherine II et l\u2019identit\u00e9 europ\u00e9enne de la Russie<\/em>, \u201eLes Cahiers de Varsovie\u201d nr 22, Warszawa 1991, s. 331-343 (artyku\u0142).<br>2.19.&nbsp;<em>Le message russe de Catherine II<\/em>, \u201eLettre Internationale\u201d nr 28, Paris 1991 (artyku\u0142).<br>2.20.&nbsp;<em>Katarina II a evropska identia<\/em>, \u201eLettre Internationale\u201d, nr 4, Praha 1991, s. 42-43 (artyku\u0142).<br>2.21.&nbsp;<em>Le fantasme de la t\u00eate coup\u00e9e<\/em>, wsp\u00f3\u0142autorstwo z Mari\u0105 Janion w: \u201eLa R\u00e9volution fran\u00e7aise et ses fantasmes dans la litt\u00e9rature\u201d, \u201eActa Universitatis Wratislaviensis\u201d nr 1246, Wroc\u0142aw 1992, s. 73-87 (rozdzia\u0142 w ksi\u0105\u017ce).<br>2.22.&nbsp;<em>Madame de Sta\u00ebl dans la Russie d\u2019Alexandre I<\/em>, w: \u201eGrouppe de Coppet et l\u2019Europe 1789-1830\u201d, Jean Touzot Libraire-Editeur, Paris-Lausanne 1994, s. 83-95 (rozdzia\u0142 w ksi\u0105\u017cce).<br>2.23.&nbsp;<em>R\u00e9cit de voyage des explorateurs fran\u00e7ais en Russie (1761-1859)&nbsp;<\/em>, Wissenschaftskolleg, Berlin 1994 (syntetyczne opracowanie dorobku z rocznego pobytu).<br>2.24.&nbsp;<em>Stendhal autobiographe selon Jean Starobinski<\/em>, w: \u201eBilan de l\u2019Ecole de Gen\u00e8ve\u201d, Editions de l\u2019Universit\u00e9 de Varsovie, Warszawa 1995, s. 109-116 (rozdzia\u0142 w ksi\u0105\u017cce).<br>2.25.&nbsp;<em>Lumi\u00e8res dans les t\u00e9n\u00e8bres: Joseph de Maistre et Jean Potocki<\/em>, w: \u201eL\u2019Homme des Lumi\u00e8res. De Paris \u00e0 P\u00e9tersbourg\u201d, Biblioteca Europea, Vivarium, Neapoli 1955, s. 291-305 (rozdzia\u0142 w ksi\u0105\u017cce).<br>2.26.&nbsp;<em>Le mal du si\u00e8cle \u2013 duquel ? Jean Potocki et Joseph de Maistre en Russie<\/em>, \u201eLe Bulletin de \u00ab Lettre Internationale \u00bb\u201d, Paris 1995, s. 45-51 (artyku\u0142).<br>2.27.&nbsp;<em>Le jardin des d\u00e9lices ou le jardin de la paresse de Stendhal<\/em>, w: \u201eLe jardin de l\u2019esprit. Textes offerts \u00e0 Bronislaw Baczko\u201d, Droz, Gen\u00e8ve 1995, s. 75-90 (rozdzia\u0142 w ksi\u0105\u017cce).<br>2.28.&nbsp;<em>Stendhal \u2013 \u00e9tude pour un autoportrait<\/em>, w: \u201eM\u00e9langes de langue et de litt\u00e9rature\u201d, Wydawnictwo Uniwersytetu Wroc\u0142awskiego, Wroc\u0142aw 1996, s. 73-81 (rozdzia\u0142 w ksi\u0105\u017cce).<br>2.29.&nbsp;<em>Peindre le bonheur d\u2019un fou<\/em>, w: \u201eLe si\u00e8cle de Rousseau et sa post\u00e9rit\u00e9\u201d, Wydawnictwa Uniwersytetu Warszawskiego, Warszawa 1998, s. 47-55 (rozdzia\u0142 w ksi\u0105\u017cce).<br>2.30.&nbsp;<em>Mickiewicz w oczach Francuz\u00f3w<\/em>, przek\u0142ad antologii francuskich tekst\u00f3w o Mickiewiczu (449 stron), PWN, Warszawa 1998 (przek\u0142ad).<br>2.31.&nbsp;<em>Madame de Sta\u00ebl et l\u2019espace public<\/em>, w: \u201eLe Groupe de Coppet et le monde moderne\u201d, Droz, Gen\u00e8ve 1998. s. 47-57 (rozdzia\u0142 w ksi\u0105\u017cce).<br>2.32.&nbsp;<em>Le r\u00f4le de la r\u00e9futation dans le \u00ab zarische Bildungskonzepte \u00bb &#8211; Antidote de Catherine II<\/em>, w: \u201eRussische Aufkl\u00e4rungsrezeption im Kontext offizieller Bildungskonzepte (1700-1825)\u201d, Berlin Verlag Arno Spitz Gmbh, Berlin 2001, s. 477-483 (rozdzia\u0142 w ksi\u0105\u017cce).<br>2.33.&nbsp;<em>Langues et cultures en Europe : le fran\u00e7ais au carrefour des \u00e9volutions europ\u00e9ennes<\/em>, UNESCO, \u201eLiens francophones\u201d nr 27, Paris 2001 (artyku\u0142).<br>2.34.&nbsp;<em>Le Paris-canaille de Stendhal<\/em>, w: \u201eLe Sacre d\u2019une capitale\u201d, Publications de l\u2019Institut d\u2019Etudes romanes, Varsovie 2005, s. 119-130 (rozdzia\u0142 w ksi\u0105\u017cce).<br>2.35.&nbsp;<em>Potocki Jean<\/em>, w: \u201eKal\u00e9idoscope franco-polonais\u201d, Les Editions Noir sur Blanc, Paris 2004, s. 202-204 (opracowanie has\u0142a).<br>2.36.&nbsp;<em>Penser la paix pour l\u2019Europe : testament politique de Stanislas Leszczy\u0144ski<\/em>, wsp\u00f3\u0142autorstwo z Maciejem Foryckim w: \u201eLa vie culturelle \u00e0 l\u2019\u00e9poque de Stanislas\u201d, Editions Dominique Gu\u00e9niot, Nancy 2005, s. 85-96 (rozdzia\u0142 w ksi\u0105\u017cce).<br>2.37.&nbsp;<em>Przekle\u0144stwo; Bilanse; Referendum<\/em>; wsp\u00f3\u0142autorstwo z Alain Besan\u00e7onem w: \u201e\u015awiadek wieku\u201d, Fronda, Warszawa 2006, t. I, ss. 79-89; 91-103; 105-112; 385-395; t. II, s. 457-474 (teksty krytyczne i przek\u0142ady).<br>2.38.&nbsp;<em>L\u2019enfant terrible de l\u2019\u00e9migration polonaise : Ignace Gurowski d\u2019apr\u00e8s la correspondance in\u00e9dite d\u2019Astolphe de Custine<\/em>, w: \u201eToute la France est polonaise ! La pr\u00e9sence polonaise en France aux XIXe et XXe si\u00e8cles\u201d, Wydawnictwo Pozna\u0144skie, Pozna\u0144-Paris 2007, s. 43-67 (rozdzia\u0142 w ksi\u0105\u017cce).<br>2.39.&nbsp;<em>Le beau moderne selon Stendhal<\/em>, w : \u201eHistoire et critique litt\u00e9raires en mouvement. M\u00e9langes offerts \u00e0 Henryk Chudak\u201d, Wydawnictwa UW, Warszawa 2009, s. 145-159 (rozdzia\u0142 w ksi\u0105\u017cce).<br>2.40.&nbsp;<em>Cher Chopin<\/em>, \u201eRuch muzyczny\u201d, nr 5, Warszawa 2010, s. 35-36 (artyku\u0142).<br>2.41.&nbsp;<em>Stendhal et le Docteur Gall<\/em>, w: \u201eM\u00e9decine et litt\u00e9rature\u201d, Publications de l\u2019Institut d\u2019Etudes romanes de l\u2019Universit\u00e9 de Varsovie, Varsovie 2013, s. 85-97 (rozdzia\u0142 w ksi\u0105\u017cce).<br>2.42.&nbsp;<em>Jean Potocki et la Russie ou l\u2019identit\u00e9 en crise<\/em>, w: \u201eJean Potocki. P\u00e9r\u00e9grinations\u201d, Presses Universitaires de Mirail, Toulouse 2013, s. 61-67 (rozdzia\u0142 w ksi\u0105\u017cce).<br><br>3. Inne publikacje<br>3.11&nbsp;<em>Style biografii historycznej \u2013 wywiad z Profesorem Jacques\u2019em Le Goffem<\/em>, \u201eNowe Ksi\u0105\u017cki\u201d nr 10, Warszawa 1997, s. 6-10 (wywiad).<br>3.12&nbsp;<em>Karuzela romantycznych serc<\/em>, \u201eNowe Ksi\u0105\u017cki\u201d, Warszawa 1997, s. 23-24.<br>3.13&nbsp;<em>Opium intelektualist\u00f3w<\/em>, \u201eNowe Ksi\u0105\u017cki\u201d nr 6, Warszawa 1998, s. 35-36.<br>3.14&nbsp;<em>Czarna ksi\u0119ga utopii przy w\u0142adzy<\/em>, \u201eNowe Ksi\u0105\u017cki\u201d nr 8, Warszawa 1998 s. 15-16.<br>3.15&nbsp;<em>Prawdy szeptane<\/em>, \u201ePlus-Minus\u201d, 22-23 maj 1999 (artyku\u0142) 3.16&nbsp;<em>W\u0142adys\u0142aw Bartoszewski \u2013 \u017cywot cz\u0142owieka troch\u0119 osobnego<\/em>, \u201eNowe Ksi\u0105\u017cki\u201d nr 11, Warszawa 1999, s. 12- 13 (esej).<br>3.17&nbsp;<em>Bilans zamkni\u0119cia \u2013 niepok\u00f3j otwarcia. Rozmowa z Profesorem Alain Besan\u00e7onem<\/em>, \u201eNowe Ksi\u0105\u017cki\u201d 10, Warszawa 2000, s. 4-6 (wywiad).<br>3.18&nbsp;<em>La Grande Europe Politique : une esp\u00e9rance pour l\u2019Europe<\/em>, wyst\u0105pienie w Zgromadzeniu Narodowym Francji, opublikowane w : \u201ePaneurope France\u201d, nr 31, Paris 2001, s. 8-12, 57 (tekst wyst\u0105pienia).<br>3.19&nbsp;<em>Kulinarna agresja na Europ\u0119, wywiad z Profesorem Jacques\u2019em Le Goffem<\/em>, \u201eM\u00f3wi\u0105 Wieki\u201d nr 6\/2002, Warszawa 2002, s. 38-39 (wywiad).<br>3.20&nbsp;<em>\u015awiat po 11 wrze\u015bnia i Rosja: rozmowa z Alain Besan\u00e7onem<\/em>, \u201eArcana\u201d nr 45, Krak\u00f3w 2002, s. 47-51 (wywiad).<br>3.21&nbsp;<em>Vive la Pologne, Monsieur! Z Maxem Gallo rozmawia Remi Forycki<\/em>, wywiad-rzeka, \u201eNowe Ksi\u0105\u017cki\u201d nr 12, Warszawa 2002, s. 4-7 (wywiad).<br>3.22&nbsp;<em>Wiek XX \u2013 wiek XXI, wywiad z Alain Besan\u00e7onem<\/em>, Krakowskie Forum Kultury Polskiej, \u201eArcana\u201d, Krak\u00f3w 2003, s. 123-129 (wywiad).<br>3.23&nbsp;<em>J\u00f3zef Czapski pozostaje ci\u0105gle do odkrycia\u2026<\/em>, \u201eGazeta Malarzy i Poet\u00f3w\u201d, Pozna\u0144-Arsena\u0142 2003 (wsp\u00f3lny artyku\u0142 z Maciejem Morawskim).<br>3.24&nbsp;<em>La Pologne reconnaissante<\/em>, \u201eLe Monde\u201d nr 18616, Paris 2004 (artyku\u0142).<br><br>4. Wa\u017cniejsze ekspertyzy i recenzje wydawnicze<br>4.1. Opinia ekspercka dotycz\u0105ca osi\u0105gni\u0119\u0107 Profesora Bronis\u0142awa Baczki kandydata do Nagrody Fundacji na rzecz Nauki Polskiej, Warszawa 2009.<br>4.2. Recenzja wydawnicza ksi\u0105\u017cki Marii Gubi\u0144skiej,&nbsp;<em>L\u2019image de l\u2019Autre dans la litt\u00e9rature coloniale fran\u00e7aise au Maghreb<\/em>, Wydawnictwo Naukowe AP, Krak\u00f3w 2002.<br>4.3. Recenzja wydawnicza ksi\u0105\u017cki Jacka Kowalskiego, Anny i Miros\u0142awa Loby oraz Jana Prokopa pt.&nbsp;<em>Dzieje kultury francuskiej<\/em>, PWN, Warszawa 2005.<br>4.4. Recenzja wydawnicza ksi\u0105\u017cki Katarzyny Dyba\u0142, Barbary Marczuk i Jana Prokopa pt.&nbsp;<em>Historia literatury francuskiej<\/em>, PWN, Warszawa 2005.<br>4.5. Recenzja wydawnicza ksi\u0105\u017cki Denis Diderota pt.&nbsp;<em>Salon 1765 roku<\/em>, Wydawnictwa Uniwersytetu Warszawskiego, Warszawa 2009.<br><br>C.&nbsp;PRACE WYKONANE PO UZYSKANIU TYTU\u0141U NAUKOWEGO PROFESORA NAUK HUMANISTYCZNYCH<br><br>2. Artyku\u0142y naukowe<br>2.43&nbsp;<em>Pays d\u2019illusion et jardins de Charles-Joseph de Ligne<\/em>, w: \u201eCorrespondance ou synth\u00e8se des arts ?\u201d, Bruxelles- Cracovie 2013, Synergies (rozdzia\u0142 w ksi\u0105\u017cce).<br>2.44&nbsp;<em>\u015awiat\u0142a w ciemno\u015bci. Sp\u00f3r o europejsk\u0105 to\u017csamo\u015b\u0107 Rosji<\/em>, \u201ePrzegl\u0105d wschodni\u201d, Warszawa 2014 (artyku\u0142 ).<br>2.45&nbsp;<em>Historia pewnej iluzji<\/em>, Warszawa 2014, \u201eTeologia polityczna\u201d (artyku\u0142 ).<br>2.46&nbsp;<em>De l\u2019Egotisme avant toute chose et pour cela pr\u00e9f\u00e8re&#8230; Stendhal<\/em>, w: \u201eTerritoires comparatistes\u201d, Warszawa 2014, Wydawnictwa Uniwersytetu Warszawskiego (rozdzia\u0142 w ksi\u0105\u017cce).<br>2.47&nbsp;<em>Dziecko Wierzchowni<\/em>, w : \u00ab Teologia polityczna Online \u00bb, Warszawa 2015 (artyku\u0142).<br>2.48&nbsp;<em>Sp\u00f3r o Rosj\u0119 w dobie francuskiego O\u015bwiecenia i Romantyzmu \u2013 casus Woltera i Custine\u2019a<\/em>, w: \u201eTeologia Polityczna Online\u201d (artyku\u0142).<br>2.49&nbsp;<em>Balzac portraitiste et la Physiognomonie<\/em>&nbsp;w: Mal, maladie dans la \u00ab Com\u00e9die humaine \u00bb Paris 2016, Presse Universitaire de France (rozdzia\u0142 w ksi\u0105\u017cce).<br>2.50&nbsp;<em>Balzac en Pologne russe<\/em>, w : France-Pologne. Contacts, \u00e9changes culturels, repr\u00e9sentations (fin XVIe-fin XIXe si\u00e8cle, Paris 2016, Honor\u00e9 Champion (rodzia\u0142 w ksi\u0105\u017cce).<br>2.51&nbsp;<em>Balzak i medycyna : fizjonomiczny portret Wandy<\/em>, w : \u201eDialog kultur. Studia nad literatur\u0105 i histori\u0105\u201d, Wydawca Instytut Germanistyki UW, Warszawa 2016 (rozdzia\u0142 w ksi\u0105\u017cce).<br>2.52&nbsp;<em>Dwie \u015bwi\u0119to\u015bci<\/em>, w: Gustaw Herling-Grudzi\u0144ski, \u201eEseje\u201d (wydanie krytyczne), Krak\u00f3w 2016, Wydawnictwo Literackie (rozdzia\u0142 w ksi\u0105\u017cce).<br>2.53&nbsp;<em>Wenecja ocalona<\/em>, w: Gustaw Herling-Grudzi\u0144ski, \u201eEseje\u201d (wydanie krytyczne), Krak\u00f3w 2016, Wydawnictwo Literackie (rozdzia\u0142 w ksi\u0105\u017cce).<br>2.54&nbsp;<em>S\u0105d ostateczny<\/em>, w: Gustaw Herling-Grudzi\u0144ski, \u201eEseje\u201d (wydanie krytyczne), Krak\u00f3w 2016, Wydawnictwo Literackie (rozdzia\u0142 w ksi\u0105\u017cce).<br>2.55&nbsp;<em>Entre l\u2018Est et l\u2019Ouest ou quels partages litt\u00e9raires en Europe?&nbsp;<\/em>w: \u00ab Un Canon litt\u00e9raire europ\u00e9en? \u00bb, Bonn 2017, Universit\u00e9 de Bonn \u2013 Serveur des documents (rozdzia\u0142 w ksi\u0105\u017cce).<br><br>3. Inne publikacje<br>3.25&nbsp;<em>Victorien Sardou i jego<\/em>&nbsp;<strong>La Tosca<\/strong>, Opera Pucciniego&nbsp;<strong>La Tosca<\/strong>, w: The Metropolitan Opera HD Live, \u0141\u00f3d\u017a \u2013 Nowy Jork 2013 (tekst Programu).<br>3.26&nbsp;<em>Wiwat Bohema<\/em>, w:&nbsp;<strong>Cyganeria<\/strong>, \u201eLa Boh\u00e8me\u201d Giacomo Puccici, Wyd. Filharmonia \u0141\u00f3dzka, 2014 (tekst Programu).<br>3.27&nbsp;<em>Czarnooka Carmen<\/em>, w:&nbsp;<strong>Carmen<\/strong>&nbsp;Georges Bizet, Filharmonia \u0141\u00f3dzka 2014 (tekst Programu).<br>3.28&nbsp;<em>Patrick Modiano laureatem Nagrody Nobla<\/em>, w: \u201eRzeczpospolita Online\u201d, Warszawa 2014 (recenzja).<br>3.29&nbsp;<em>Mi\u0142osierna, godna i szczera Lelia<\/em>, w: \u201eNowe Ksi\u0105\u017cki\u201d, zeszyt 7-8, Warszawa 2016, s. 8-9 (recenzja).<br><br>4. Wa\u017cniejsze ekspertyzy i recenzje wydawnicze<br>4.6 Ocena kandydatury Luciano Pellegriniego do uzyskania grantu na elektroniczne wydanie krytyczne \u201eLes Causeries du lundi\u201d Sainte-Beuve\u2019a. Eksperyza zosta\u0142a zam\u00f3wiona przez Fondation Maison des Sciences de l\u2019Homme \u2013 Paris 2013.<br>4.7 Dokona\u0142em ocen\u0119 dorobku naukowego i rozprawy habilitacyjnej dr Moniki Malinowskie z Instytutu Romanistyki UW (2013).<br>4.8 Recenzja wydawnicza ksi\u0105\u017cki dr Agnieszki W\u0142oczewskiej pt.&nbsp;<em>Teatr Appolinaire\u2019a<\/em>&nbsp;dla wydawnictwa Collegium Colubinum, Krak\u00f3w 2015.<br>4.9 Zrobi\u0142em ekspertyz\u0119 dotycz\u0105c\u0105 dorobku naukowego Profesora Timothy Snydera kandydata do Nagrody Fundacji na rzecz Nauki Polskiej, Warszawa 2016.&nbsp;<\/p>\n\n\n\n<div style=\"height:20px\" aria-hidden=\"true\" class=\"wp-block-spacer\"><\/div>\n\n\n\n<h6 class=\"wp-block-heading\"><strong>Przebieg kariery naukowej<\/strong><\/h6>\n\n\n\n<p>&#8211; 1973 r. \u2013 dyplom magistra filologii roma\u0144skiej, Pozna\u0144.<br>&#8211; 1977 r. \u2013 asystent Instytutu Romanistyki UW.<br>&#8211; 1977 r. \u2013 dyplom doktora nauk humanistycznych, Warszawa.<br>&#8211; 1979 r. \u2013 adiunkt IR UW.<br>&#8211; 1987 r. \u2013 dyplom doktora habilitowanego, Warszawa.<br>&#8211; 1989 r. \u2013 docent IR UW.<br>&#8211; 1990 r. \u2013 profesor nadzwyczajny IR UW.<br>&#8211; 1990\/1991 \u2013 \u201eprofesseur associ\u00e9\u201d Uniwersytetu Blaise Pascal Clermont II.<br>&#8211; 1993\/94 \u2013 Fellow w Wissenschaftskolleg w Berlinie.<br>&#8211; 2014 r. \u2013 Tytu\u0142 naukowy profesora nauk humanistycznych<br>&#8211; 2018 r. &#8211; profesor zwyczajny&nbsp;<\/p>\n\n\n\n<div style=\"height:20px\" aria-hidden=\"true\" class=\"wp-block-spacer\"><\/div>\n\n\n\n<h6 class=\"wp-block-heading\"><strong>Dzia\u0142alno\u015b\u0107<\/strong><\/h6>\n\n\n\n<p>1991-1993 Dyrektor naukowy Stacji Naukowej PAN w Pary\u017cu,<br>2002-2003 Dyrektor Instytutu Romanistyki UW,<br>2003-2005 Dyrektor naukowy Biblioteki Polskiej w Pary\u017cu,<br>2005\/12 \u2013 Dyrektor Instytutu Romanistyki UW.<br>2012\/14 \u2013 Dziekan Wydzia\u0142u Neofilologii UW.<\/p>\n\n\n\n<div style=\"height:20px\" aria-hidden=\"true\" class=\"wp-block-spacer\"><\/div>\n\n\n\n<h6 class=\"wp-block-heading\"><strong>Cz\u0142onkostwo w organizacjach i stowarzyszeniach<\/strong><\/h6>\n\n\n\n<p>Association Internationale de Litt\u00e9rature Compar\u00e9e<br>Soci\u00e9t\u00e9 des Amis de Joseph et Xavier de Maistre<br>Stendhal Club, Soci\u00e9t\u00e9 des Etudes Romantiques et Dix-neuvi\u00e8mistes<br>Groupe de recherche CNRS : GDR 959<br>Society for Eighteenth-Century Studies<br>Centre International George Sand et le Romantisme<br>Przewodnicz\u0105cy Souvenir Napol\u00e9onien de Pologne<br>Membre honoraire du Comit\u00e9 Polonais de l\u2019Alliance Fran\u00e7aise<br>PanEurope France.<\/p>\n\n\n\n<div style=\"height:20px\" aria-hidden=\"true\" class=\"wp-block-spacer\"><\/div>\n\n\n\n<h6 class=\"wp-block-heading\"><strong>Inne<\/strong><\/h6>\n\n\n\n<p>Audycje w Polskim Radiu i TV, wsp\u00f3\u0142praca z Wy\u017csz\u0105 Szko\u0142\u0105 Humanistyczn\u0105 im. Aleksandra Gieysztora w Pu\u0142tusku.<br>2003 Chevalier dans l\u2019Ordre national du M\u00e9rite<br>2012 Officier dans l\u2019Ordre national du M\u00e9rite<br>2018 Medal Komisji Edukacji Narodowej<\/p>\n\n\n\n<div style=\"height:20px\" aria-hidden=\"true\" class=\"wp-block-spacer\"><\/div>\n\n\n\n<h6 class=\"wp-block-heading\"><strong>Hobby<\/strong><\/h6>\n\n\n\n<p>Muzyka i malarstwo XIX wieku, tenis.<\/p>\n<\/div>\n<\/div>\n\n\n\n<p><\/p>\n","protected":false},"excerpt":{"rendered":"<p>prof. dr hab. Remigiusz Forycki Zak\u0142ad Literaturoznawstwa Francuskiego&nbsp; Profesor zwyczajny (grupa badawczo-dydaktyczna)&nbsp;&nbsp;&nbsp;&nbsp;&nbsp;&nbsp;&nbsp;&nbsp;&nbsp;&nbsp;&nbsp;&nbsp; r.forycki@uw.edu.pl Tematyka bada\u0144 Historia literatury francuskiej ze szczeg\u00f3lnym uwzgl\u0119dnieniem XIX wieku, polityczno-kulturalne stosunki francusko-rosyjsko-polskie.&nbsp; Publikacje A.&nbsp;PRACE WYKONANE PRZED ZATERUDNIENIEM NA STANOWISKU PROFESORA NADZWYCZAJNEGO I. Oryginalne opublikowane naukowe prace tw\u00f3rcze J.1. Ksi\u0105\u017cki1.1.&nbsp;Recepcja dramaturgii Wiktora Hugo w latach 1828-1863 w krytyce i na scenach polskich, [&hellip;]<\/p>\n","protected":false},"author":1,"featured_media":0,"parent":937,"menu_order":0,"comment_status":"closed","ping_status":"closed","template":"","meta":{"footnotes":""},"class_list":["post-1028","page","type-page","status-publish","hentry"],"_links":{"self":[{"href":"https:\/\/romanistyka.wn.uw.edu.pl\/index.php\/wp-json\/wp\/v2\/pages\/1028","targetHints":{"allow":["GET"]}}],"collection":[{"href":"https:\/\/romanistyka.wn.uw.edu.pl\/index.php\/wp-json\/wp\/v2\/pages"}],"about":[{"href":"https:\/\/romanistyka.wn.uw.edu.pl\/index.php\/wp-json\/wp\/v2\/types\/page"}],"author":[{"embeddable":true,"href":"https:\/\/romanistyka.wn.uw.edu.pl\/index.php\/wp-json\/wp\/v2\/users\/1"}],"replies":[{"embeddable":true,"href":"https:\/\/romanistyka.wn.uw.edu.pl\/index.php\/wp-json\/wp\/v2\/comments?post=1028"}],"version-history":[{"count":1,"href":"https:\/\/romanistyka.wn.uw.edu.pl\/index.php\/wp-json\/wp\/v2\/pages\/1028\/revisions"}],"predecessor-version":[{"id":1030,"href":"https:\/\/romanistyka.wn.uw.edu.pl\/index.php\/wp-json\/wp\/v2\/pages\/1028\/revisions\/1030"}],"up":[{"embeddable":true,"href":"https:\/\/romanistyka.wn.uw.edu.pl\/index.php\/wp-json\/wp\/v2\/pages\/937"}],"wp:attachment":[{"href":"https:\/\/romanistyka.wn.uw.edu.pl\/index.php\/wp-json\/wp\/v2\/media?parent=1028"}],"curies":[{"name":"wp","href":"https:\/\/api.w.org\/{rel}","templated":true}]}}