{"id":1025,"date":"2023-02-13T10:16:37","date_gmt":"2023-02-13T10:16:37","guid":{"rendered":"https:\/\/romanistyka.wn.uw.edu.pl\/?page_id=1025"},"modified":"2023-02-13T10:16:38","modified_gmt":"2023-02-13T10:16:38","slug":"chudak-henryk","status":"publish","type":"page","link":"https:\/\/romanistyka.wn.uw.edu.pl\/index.php\/pracownicy-emerytowani\/chudak-henryk\/","title":{"rendered":"Chudak Henryk"},"content":{"rendered":"\n<div class=\"wp-block-columns is-layout-flex wp-container-core-columns-is-layout-28f84493 wp-block-columns-is-layout-flex\">\n<div class=\"wp-block-column is-layout-flow wp-block-column-is-layout-flow\" style=\"flex-basis:33.33%\">\n<figure class=\"wp-block-image aligncenter size-full\"><img loading=\"lazy\" decoding=\"async\" width=\"150\" height=\"150\" src=\"https:\/\/romanistyka.wn.uw.edu.pl\/wp-content\/uploads\/2023\/02\/prof.-dr-hab.-Henryk-Chudak.jpg\" alt=\"\" class=\"wp-image-1026\"\/><\/figure>\n<\/div>\n\n\n\n<div class=\"wp-block-column is-layout-flow wp-block-column-is-layout-flow\" style=\"flex-basis:66.66%\">\n<h2 class=\"wp-block-heading\">prof. dr hab. Henryk Chudak<\/h2>\n\n\n\n<p>Zak\u0142ad Literaturoznawstwa Francuskiego&nbsp;<\/p>\n\n\n\n<p>Profesor zwyczajny&nbsp;<\/p>\n\n\n\n<p><a href=\"mailto:h.chudak@uw.edu.pl\">h.chudak@uw.edu.pl<\/a><\/p>\n\n\n\n<div style=\"height:20px\" aria-hidden=\"true\" class=\"wp-block-spacer\"><\/div>\n\n\n\n<h6 class=\"wp-block-heading\"><strong>Tematyka bada\u0144<\/strong><\/h6>\n\n\n\n<p>historia i teoria badan literackich (bergsonizm w krytyce literackiej, badania tematyczne, Szko\u0142a Genewska, teorie Bachelarda, krytyka psychoanalityczna); symbolizm francuski, narodziny i rozw\u00f3j ;<br>Poezja francuska XX wieku (Apollinaire, Romains, Cendrars, Reverdy, Tzara, Eluard, Cocteau);<br>recepcja literatury francuskiej w Polsce&nbsp;<\/p>\n\n\n\n<div style=\"height:20px\" aria-hidden=\"true\" class=\"wp-block-spacer\"><\/div>\n\n\n\n<h6 class=\"wp-block-heading\"><strong>Publikacje<\/strong><\/h6>\n\n\n\n<p>Ksi\u0105\u017cki<br>&#8211;<em>&nbsp;Krytyka Literacka Alberta Thibaudeta<\/em>,Warszawa 1988<br>&#8211;&nbsp;<em>Symbolizm francuski i M\u0142oda Polska<\/em>, (red.)Warszawa,1994<br>&#8211;&nbsp;<em>Situation de Rimbaud<\/em>,(dir.),Warszawa 1994<br>&#8211;&nbsp;<em>Les fins de si\u00e8cle dans les litt\u00e9ratures europ\u00e9ennes<\/em>, (dir.) Warszawa 1996<br>&#8211;&nbsp;<em>Les oubli\u00e9s de la modernit\u00e9<\/em>&nbsp;,(we wsp\u00f3\u0142pracy z Claude Debon),Warszawa-Paris 1997<br>&#8211;&nbsp;<em>Blaise Cendrars au vent d\u2019Est&nbsp;<\/em>(we wsp\u00f3\u0142pracy z J.\u017burowsk\u0105) Warszawa 2000<br>&#8211;&nbsp;<em>Les G\u00e9n\u00e9rations symbolistes<\/em>,Warszawa 2000<br>&#8211;&nbsp;<em>Perspectives historiques et m\u00e9tacritiques sur la critique litt\u00e9raire du XXe si\u00e8cle<\/em>&nbsp;(dir.) Warszawa 2002<br>&#8211;&nbsp;<em>Positions critiques<\/em>, Warszawa 2003<br>&#8211;&nbsp;<em>La p\u00e9riodisation en histoire litt\u00e9raire XVIIIe-XXe si\u00e8cles<\/em>,(dir.we wsp\u00f3\u0142pracy z Z.Naliwajkiem),Warszawa 2006.<br>&#8211;&nbsp;<em>L\u2019imaginaire po\u00e9tique de Blaise Cendrars<\/em>, (dir.) Warszawa 2009<br><br>Wa\u017cniejsze studia i artyku\u0142y po roku 2010<br>La modernit\u00e9 de la pens\u00e9e critique de Victor Hugo, (w:) Anja Ernst \/Paul Geyer (Hg.),&nbsp;<em>Die Romantik: ein Grundungsmythos der Europaischen Moderne<\/em>, Bonn Univerity Press,Bonn 2010.<br><br>Cendrars et Maiakovski:deux regards sur la modernit\u00e9 (w:)&nbsp;<em>Cendrars \u00e0 l\u2019\u00e9tabli<\/em>, Ed.Non Lieu,Paris 2010.<br><br>L\u2019autoportrait de l\u2019\u00e9crivain l\u00e9gu\u00e9 \u00e0 la post\u00e9rit\u00e9 (w:)&nbsp;<em>Plaisir \u00e0 Mandiargues<\/em>&nbsp;, sous la dir. de Marie-Paule B\u00e9ranger et Claude Leroy, Ed.Hermann ,Paris 2011.<br><br>La pens\u00e9e m\u00e9tapo\u00e9tique de Cendrars et ses rapports avec les th\u00e9ories de Joseph Vendryes (w:)&nbsp;<em>Blaise Cendrars et ses contemporains<\/em>, sous la dir. de Maria Teresa Russo, Flaccovio Editore,Palermo 2011.<br><br>Le couple ma\u00eetre\/disciple \u00e0 la lumi\u00e8re de la th\u00e9orie des g\u00e9n\u00e9rations (w:) Christian Belin,Simone de (red.) ,&nbsp;<em>La tradition du savoir<\/em>, Academic Press Fribourg,2011.<br><br>Sur les lettres du dossier des \u201efeuilles de Routes\u201d de Blaise Cendrars (w:) Wac\u0142aw Rapak ,Jakub Kornhauser,Iwona Piechnik (Eds.),&nbsp;<em>De la lettre aux belles-lettres<\/em>, Wyd.Uniwersytetu Jagiello\u0144skiego,Krak\u00f3w 2012. .<br><br>Niemcy we wspomnieniach Marcela Raymonda (1926-1928),(w:&nbsp;<em>Kultura Literatura, J\u0119zyk<\/em>,pod red.Katarzyny Grzywki, IGUW,Warszawa 2012<br><br>Bachelard au rendez-vous des po\u00e8tes, (w:)&nbsp;<em>A la rencontre, sous la dir.de Marie-Paul Berranger et Myriam Boucharenc<\/em>, Presses Universitasires de Paris Ouest, Paris 2012.<br><br>Andr\u00e9 Pieyre de Mandiargues et Henri Bresson \u00e0 Varsovie. L\u2019histoire conjointe d\u2019un po\u00e8me et d\u2019une photo w:&nbsp;<em>Territoires comparatistes<\/em>&nbsp;. Textes r\u00e9unis par Anna Opiela, Wyd.UW,Warszawa 2014,<br><br>Le proces du romantisme selon L\u00e9on Daudet (w:)&nbsp;<em>R\u00e9\u00e9valuations du romantisme<\/em>,sous la dir.de Marie Blaise, Presses Universitaires, Montpellier 2014<br><br>Au confins de l\u2019Europe artistique.Apollinaire et l\u2019avant-garde russe, (w : )&nbsp;<em>La place d\u2019Apollinaire<\/em>, sous la dir. d\u2019Anja Ernst et Paul Geyer , Ed.Classiques Garnier, Paris 2014<br><br>Breton dans la minute de l\u2019image (w:)&nbsp;<em>Au coeur du temps&nbsp;<\/em>par Christine Le Quellec Cottier et Claude Leroy, Ed.Champion,Paris 2014.<br><br>L\u2019Id\u00e9al d\u2019Apollinaire : l\u2019Europe culturelle sous l\u2019\u00e9gide de la France, (w : )&nbsp;<em>Apollinaire \u00e0 travers l\u2019Europe<\/em>, Textes r\u00e9unis par Wies\u0142aw Kroker, , Wyd.UW, Warszawa 2015<br><br>Les th\u00e9oriciens du romantisme polonais face \u00e0 \u00ab De l\u2019Allemagne \u00ab de Madame de Stael ( w : )&nbsp;<em>Zweihundert Jahre De l\u2019Allemagne von Madame de Stael, Herausgegeben von Anja Ernst und Paul Geyer&nbsp;<\/em>, Ed. Georg Olms Verlag, Hildesheim -Zurich- New York, 2015<br><br>Maciej \u017burowski 1915-2003, (w : )&nbsp;<em>Monumenta Universitatis Varsoviensis<\/em>&nbsp;, Wyd.UW, Warszawa 2016<br><br>Apollinaire ami et critique de Picasso (w : )&nbsp;<em>Amis et amiti\u00e9s dans les litt\u00e9ratures en langues romanes<\/em>, textes r\u00e9unis et pr\u00e9sent\u00e9s par Renata Jakubczuk, Wyd.UMCS, Lublin 2017<br><br>Quelques remarques sur le manifeste de l\u2019Art c\u00e9r\u00e9briste de Ricciotto Canudo (w : )&nbsp;<em>Europaische Grundungsmythen im Dialog der Literaturen<\/em>, (dir.Roland Issler, Rolf Lohse, Ludger Scherer) , Bonn University Press, Bonn 2019<br><br>L\u2019Id\u00e9e de tradition dans la pens\u00e9e critique d\u2019Apollinaire (w : )&nbsp;<em>Apollinaire \u2013 \u00ab L\u2019Esprit nouveau \u00bb &#8211; Les avant-gardes<\/em>, sous la dir.de Jakub Kornhauser et Wac\u0142aw Rapak, Ed. Jagiellonian University Press, Krak\u00f3w 2019<br><br>Barr\u00e8s 1920 : pour une Rh\u00e9nanie \u00e0 la fran\u00e7aise, (w : )&nbsp;<em>Der Rhein \u2013 Le Rhin<\/em>, (Dir.Willi Jung \/ Michel Lichl\u00e9 ), Bonn University Press, Bonn 2019<br><br>La litt\u00e9rature a besoin de lecteurs, (w: )&nbsp;<em>Wozu Literatur (-wissenschaft) ?&nbsp;<\/em>( w \ud83d\ude42 Dir.Andreas Haarmann \/ Cora Rok) , University Press, Bonn 2019<br><br>Comment faire l\u2019Europe selon Julien Benda (w : )&nbsp;<em>L\u2019Europe et ses intellectuels<\/em>&nbsp;sous la dir. de Remigiusz Forycki) , Wyd.UW, Warszawa 2019<br><br>Na poetyckim szlaku Rimbauda i Cendrarsa, (w: )&nbsp;<em>Teraz oto jestem. Edward Stachura we wspomnieniach, Wyb\u00f3r i opracowanie Jakub Beczek<\/em>, Wyd.Bellona Warszawa 2020<br><br>Kisling ( Moise), (w \ud83d\ude42&nbsp;<em>Dictionnaire Apollinaire<\/em>, sous la dir. de Daniel Delbreil , Ed. Honor\u00e9 Champion, Paris 2020<br><br>Kostrowitzky (Apollinaire de) [1818- ? ] ,we wsp\u00f3\u0142pracy z Sergio Zoppi, (w \ud83d\ude42&nbsp;<em>Dictionnaire Apollinaire, sous la dir. de Daniel Delbreil<\/em>, Ed. Honor\u00e9 Champion Paris 2020<br><br>O nieco zapomnianej ksi\u0105\u017cce Bachelarda, (w: )&nbsp;<em>Gaston Bachelard, konteksty i interpretacje<\/em>, pod red.Marty Ples-B\u0119ben, Wyd.Uniwersytetu \u015al\u0105skiego, Katowice 2020<br><br>Perspectives polonaises sur le&nbsp; canon europ\u00e9en&nbsp; (dans: ) Michael&nbsp; Bernsen (Ed.)&nbsp;<em>Un canon litteraire europ\u00e9en?<\/em>&nbsp;Bonn 2017,&nbsp;&nbsp;<a rel=\"noreferrer noopener\" href=\"https:\/\/bonndoic.ulb-bonn.de\/\" target=\"_blank\">https:\/\/bonndoic.ulb-bonn.de<\/a>. p.129-134<\/p>\n\n\n\n<div style=\"height:20px\" aria-hidden=\"true\" class=\"wp-block-spacer\"><\/div>\n\n\n\n<h6 class=\"wp-block-heading\"><strong>Przebieg kariery naukowej<\/strong><\/h6>\n\n\n\n<p>Zatrudniony w Instytucie Romanistyki UW w 1966 r.<br>W 1975 roku obroni\u0142 pac\u0119 doktorska pt.: &#8222;Metoda krytyczna Gastona Bachelarda (1938-1948)&#8221;<br>W 1989 roku uzyska\u0142 stopie\u0144 doktora habilitowanego na podtawie rozprawy &#8222;Krytyka literacka Alberta Thibaudeta&#8221;.<br>Od marca 1992 zatrudniony na stanowisku profesora nadzwyczajnego.<br>W marcu 2004 otrzyma\u0142 tytu\u0142 naukowy profesora.<\/p>\n\n\n\n<div style=\"height:20px\" aria-hidden=\"true\" class=\"wp-block-spacer\"><\/div>\n\n\n\n<h6 class=\"wp-block-heading\"><strong>Dzia\u0142alno\u015b\u0107<\/strong><\/h6>\n\n\n\n<p>prodziekan Wydzia\u0142u Neofilologii UW (1991-1993), dyrektor Instytutu Romanistyki UW (1993-1999), kierownik zespo\u0142u badawczego \u201dliteratura francuska 1850-1950\u201d (1989-2013), kierownik Zak\u0142adu Literaturoznawstwa Francuskiego UW ( 1990-1993 ,1999-2008) ,cz\u0142onek Uniwersyteckiej Komisji Akredytacyjnej, cz\u0142onek Rady Wykonawczej AIBC, cz\u0142onek Komitetu Nauk o Literaturze PAN (2004-2012),cz\u0142onek Rady Redakcyjnej \u201eKwartalnika Neofilologicznego\u201d (od 2004) ,cz\u0142onek Rady Redakcyjnej \u201eFeuille de Routes\u201d (1999-2007), wyk\u0142ady w uniwersytetach zagranicznych (Padwa,Genewa, Fribourg, Saarbrucken, Bonn, Leuwen,Montpellier)&nbsp;<\/p>\n\n\n\n<div style=\"height:20px\" aria-hidden=\"true\" class=\"wp-block-spacer\"><\/div>\n\n\n\n<h6 class=\"wp-block-heading\"><strong>Inne<\/strong><\/h6>\n\n\n\n<p>promotor 7 rozpraw doktorskich i 150 prac magisterskich&nbsp;<\/p>\n\n\n\n<div style=\"height:20px\" aria-hidden=\"true\" class=\"wp-block-spacer\"><\/div>\n\n\n\n<h6 class=\"wp-block-heading\"><strong>Hobby<\/strong><\/h6>\n\n\n\n<p>w\u0119dkarstwo spinningowe<\/p>\n<\/div>\n<\/div>\n\n\n\n<p><\/p>\n","protected":false},"excerpt":{"rendered":"<p>prof. dr hab. Henryk Chudak Zak\u0142ad Literaturoznawstwa Francuskiego&nbsp; Profesor zwyczajny&nbsp; h.chudak@uw.edu.pl Tematyka bada\u0144 historia i teoria badan literackich (bergsonizm w krytyce literackiej, badania tematyczne, Szko\u0142a Genewska, teorie Bachelarda, krytyka psychoanalityczna); symbolizm francuski, narodziny i rozw\u00f3j ;Poezja francuska XX wieku (Apollinaire, Romains, Cendrars, Reverdy, Tzara, Eluard, Cocteau);recepcja literatury francuskiej w Polsce&nbsp; Publikacje Ksi\u0105\u017cki&#8211;&nbsp;Krytyka Literacka Alberta Thibaudeta,Warszawa [&hellip;]<\/p>\n","protected":false},"author":1,"featured_media":0,"parent":937,"menu_order":0,"comment_status":"closed","ping_status":"closed","template":"","meta":{"footnotes":""},"class_list":["post-1025","page","type-page","status-publish","hentry"],"_links":{"self":[{"href":"https:\/\/romanistyka.wn.uw.edu.pl\/index.php\/wp-json\/wp\/v2\/pages\/1025","targetHints":{"allow":["GET"]}}],"collection":[{"href":"https:\/\/romanistyka.wn.uw.edu.pl\/index.php\/wp-json\/wp\/v2\/pages"}],"about":[{"href":"https:\/\/romanistyka.wn.uw.edu.pl\/index.php\/wp-json\/wp\/v2\/types\/page"}],"author":[{"embeddable":true,"href":"https:\/\/romanistyka.wn.uw.edu.pl\/index.php\/wp-json\/wp\/v2\/users\/1"}],"replies":[{"embeddable":true,"href":"https:\/\/romanistyka.wn.uw.edu.pl\/index.php\/wp-json\/wp\/v2\/comments?post=1025"}],"version-history":[{"count":1,"href":"https:\/\/romanistyka.wn.uw.edu.pl\/index.php\/wp-json\/wp\/v2\/pages\/1025\/revisions"}],"predecessor-version":[{"id":1027,"href":"https:\/\/romanistyka.wn.uw.edu.pl\/index.php\/wp-json\/wp\/v2\/pages\/1025\/revisions\/1027"}],"up":[{"embeddable":true,"href":"https:\/\/romanistyka.wn.uw.edu.pl\/index.php\/wp-json\/wp\/v2\/pages\/937"}],"wp:attachment":[{"href":"https:\/\/romanistyka.wn.uw.edu.pl\/index.php\/wp-json\/wp\/v2\/media?parent=1025"}],"curies":[{"name":"wp","href":"https:\/\/api.w.org\/{rel}","templated":true}]}}